{"id":203,"date":"2025-08-07T12:28:11","date_gmt":"2025-08-07T12:28:11","guid":{"rendered":"https:\/\/mndshop.fi\/?page_id=203"},"modified":"2025-09-09T14:38:29","modified_gmt":"2025-09-09T14:38:29","slug":"gym-bags","status":"publish","type":"page","link":"https:\/\/mndshop.fi\/fi\/gym-bags\/","title":{"rendered":"Gym Bags"},"content":{"rendered":"<div data-elementor-type=\"wp-page\" data-elementor-id=\"203\" class=\"elementor elementor-203\">\n\t\t\t\t\t\t<section class=\"elementor-section elementor-top-section elementor-element elementor-element-d73d21c elementor-section-stretched elementor-reverse-tablet elementor-section-height-min-height elementor-section-boxed elementor-section-height-default elementor-section-items-middle wpr-particle-no wpr-jarallax-no wpr-parallax-no wpr-sticky-section-no\" data-id=\"d73d21c\" data-element_type=\"section\" data-e-type=\"section\" data-settings=\"{&quot;stretch_section&quot;:&quot;section-stretched&quot;,&quot;background_background&quot;:&quot;classic&quot;}\">\n\t\t\t\t\t\t<div class=\"elementor-container elementor-column-gap-default\">\n\t\t\t\t\t<div class=\"elementor-column elementor-col-50 elementor-top-column elementor-element elementor-element-18677b2\" data-id=\"18677b2\" data-element_type=\"column\" data-e-type=\"column\">\n\t\t\t<div class=\"elementor-widget-wrap elementor-element-populated\">\n\t\t\t\t\t\t<section class=\"elementor-section elementor-inner-section elementor-element elementor-element-49d39b9 elementor-section-boxed elementor-section-height-default elementor-section-height-default wpr-particle-no wpr-jarallax-no wpr-parallax-no wpr-sticky-section-no\" data-id=\"49d39b9\" data-element_type=\"section\" data-e-type=\"section\">\n\t\t\t\t\t\t<div class=\"elementor-container elementor-column-gap-no\">\n\t\t\t\t\t<div class=\"elementor-column elementor-col-50 elementor-inner-column elementor-element elementor-element-872f70f elementor-invisible\" data-id=\"872f70f\" data-element_type=\"column\" data-e-type=\"column\" data-settings=\"{&quot;animation&quot;:&quot;fadeInLeft&quot;}\">\n\t\t\t<div class=\"elementor-widget-wrap\">\n\t\t\t\t\t\t\t<\/div>\n\t\t<\/div>\n\t\t\t\t<div class=\"elementor-column elementor-col-50 elementor-inner-column elementor-element elementor-element-b215037 elementor-hidden-mobile\" data-id=\"b215037\" data-element_type=\"column\" data-e-type=\"column\">\n\t\t\t<div class=\"elementor-widget-wrap\">\n\t\t\t\t\t\t\t<\/div>\n\t\t<\/div>\n\t\t\t\t\t<\/div>\n\t\t<\/section>\n\t\t\t\t<div class=\"elementor-element elementor-element-432b68c elementor-invisible elementor-widget elementor-widget-heading\" data-id=\"432b68c\" data-element_type=\"widget\" data-e-type=\"widget\" data-settings=\"{&quot;_animation&quot;:&quot;fadeIn&quot;}\" data-widget_type=\"heading.default\">\n\t\t\t\t\t<h2 class=\"elementor-heading-title elementor-size-default\">gym bags <\/h2>\t\t\t\t<\/div>\n\t\t\t\t<div class=\"elementor-element elementor-element-5522fae elementor-widget elementor-widget-spacer\" data-id=\"5522fae\" data-element_type=\"widget\" data-e-type=\"widget\" data-widget_type=\"spacer.default\">\n\t\t\t\t\t\t\t<div class=\"elementor-spacer\">\n\t\t\t<div class=\"elementor-spacer-inner\"><\/div>\n\t\t<\/div>\n\t\t\t\t\t\t<\/div>\n\t\t\t\t\t<\/div>\n\t\t<\/div>\n\t\t\t\t<div class=\"elementor-column elementor-col-50 elementor-top-column elementor-element elementor-element-e584566\" data-id=\"e584566\" data-element_type=\"column\" data-e-type=\"column\">\n\t\t\t<div class=\"elementor-widget-wrap elementor-element-populated\">\n\t\t\t\t\t\t<section class=\"elementor-section elementor-inner-section elementor-element elementor-element-01cf809 elementor-section-boxed elementor-section-height-default elementor-section-height-default wpr-particle-no wpr-jarallax-no wpr-parallax-no wpr-sticky-section-no\" data-id=\"01cf809\" data-element_type=\"section\" data-e-type=\"section\">\n\t\t\t\t\t\t<div class=\"elementor-container elementor-column-gap-default\">\n\t\t\t\t\t<div class=\"elementor-column elementor-col-50 elementor-inner-column elementor-element elementor-element-cb4b0d8\" data-id=\"cb4b0d8\" data-element_type=\"column\" data-e-type=\"column\">\n\t\t\t<div class=\"elementor-widget-wrap elementor-element-populated\">\n\t\t\t\t\t\t<div class=\"elementor-element elementor-element-13d475d elementor-mobile-align-center elementor-align-right elementor-invisible elementor-widget elementor-widget-button\" data-id=\"13d475d\" data-element_type=\"widget\" data-e-type=\"widget\" data-settings=\"{&quot;_animation&quot;:&quot;fadeInUp&quot;}\" data-widget_type=\"button.default\">\n\t\t\t\t\t\t\t\t\t\t<a class=\"elementor-button elementor-button-link elementor-size-md\" href=\"#\">\n\t\t\t\t\t\t<span class=\"elementor-button-content-wrapper\">\n\t\t\t\t\t\t<span class=\"elementor-button-icon\">\n\t\t\t\t<svg aria-hidden=\"true\" class=\"e-font-icon-svg e-fas-long-arrow-alt-right\" viewbox=\"0 0 448 512\" xmlns=\"http:\/\/www.w3.org\/2000\/svg\"><path d=\"M313.941 216H12c-6.627 0-12 5.373-12 12v56c0 6.627 5.373 12 12 12h301.941v46.059c0 21.382 25.851 32.09 40.971 16.971l86.059-86.059c9.373-9.373 9.373-24.569 0-33.941l-86.059-86.059c-15.119-15.119-40.971-4.411-40.971 16.971V216z\"><\/path><\/svg>\t\t\t<\/span>\n\t\t\t\t\t\t\t\t\t<span class=\"elementor-button-text\">shop now<\/span>\n\t\t\t\t\t<\/span>\n\t\t\t\t\t<\/a>\n\t\t\t\t\t\t\t\t<\/div>\n\t\t\t\t\t<\/div>\n\t\t<\/div>\n\t\t\t\t<div class=\"elementor-column elementor-col-50 elementor-inner-column elementor-element elementor-element-8fec4fb\" data-id=\"8fec4fb\" data-element_type=\"column\" data-e-type=\"column\">\n\t\t\t<div class=\"elementor-widget-wrap elementor-element-populated\">\n\t\t\t\t\t\t<div class=\"elementor-element elementor-element-71b4515 elementor-view-default elementor-invisible elementor-widget elementor-widget-icon\" data-id=\"71b4515\" data-element_type=\"widget\" data-e-type=\"widget\" data-settings=\"{&quot;_animation&quot;:&quot;bounceIn&quot;}\" data-widget_type=\"icon.default\">\n\t\t\t\t\t\t\t<div class=\"elementor-icon-wrapper\">\n\t\t\t<div class=\"elementor-icon\">\n\t\t\t\t\t\t\t<i class=\"fa fa-circle\" aria-hidden=\"true\"><\/i>\n\t\t\t\t\t\t<\/div>\n\t\t<\/div>\n\t\t\t\t\t\t<\/div>\n\t\t\t\t\t<\/div>\n\t\t<\/div>\n\t\t\t\t\t<\/div>\n\t\t<\/section>\n\t\t\t\t\t<\/div>\n\t\t<\/div>\n\t\t\t\t\t<\/div>\n\t\t<\/section>\n\t\t\t\t<section class=\"elementor-section elementor-top-section elementor-element elementor-element-2ed20003 elementor-section-stretched elementor-section-boxed elementor-section-height-default elementor-section-height-default wpr-particle-no wpr-jarallax-no wpr-parallax-no wpr-sticky-section-no\" data-id=\"2ed20003\" data-element_type=\"section\" data-e-type=\"section\" data-settings=\"{&quot;background_background&quot;:&quot;classic&quot;,&quot;stretch_section&quot;:&quot;section-stretched&quot;}\">\n\t\t\t\t\t\t<div class=\"elementor-container elementor-column-gap-default\">\n\t\t\t\t\t<div class=\"elementor-column elementor-col-100 elementor-top-column elementor-element elementor-element-44796e23\" data-id=\"44796e23\" data-element_type=\"column\" data-e-type=\"column\">\n\t\t\t<div class=\"elementor-widget-wrap elementor-element-populated\">\n\t\t\t\t\t\t<div class=\"elementor-element elementor-element-909b3dd eael-product-grid-column-3 elementor-widget elementor-widget-eicon-woocommerce\" data-id=\"909b3dd\" data-element_type=\"widget\" data-e-type=\"widget\" data-widget_type=\"eicon-woocommerce.default\">\n\t\t\t\t\t\n        <div class=\"eael-product-grid eael-product-simple masonry\" id=\"eael-product-grid\" data-widget-id=\"909b3dd\" data-page-id=\"203\" data-nonce=\"b198217eec\" >\n            <div class=\"woocommerce\">\n                <ul class=\"products eael-post-appender eael-post-appender-909b3dd\" data-ssi-desktop=\"no\" data-ssi-tablet=\"no\" data-ssi-mobile=\"no\" data-layout-mode=\"masonry\"> <li class=\"product\">\n<div class=\"eael-product-wrap\" data-src=\"\" data-src-hover=\"\">\n    <a href=\"https:\/\/mndshop.fi\/fi\/tuote\/canvas-bag\/\" class=\"woocommerce-LoopProduct-link woocommerce-loop-product__link\"><img fetchpriority=\"high\" decoding=\"async\" width=\"249\" height=\"250\" src=\"https:\/\/mndshop.fi\/wp-content\/uploads\/2025\/09\/db67a8b9-43ee-4a3d-82d4-fa904fb95109.png\" class=\"attachment-woocommerce_thumbnail size-woocommerce_thumbnail wvs-archive-product-image\" alt=\"Canvas Bag\" loading=\"eager\" srcset=\"https:\/\/mndshop.fi\/wp-content\/uploads\/2025\/09\/db67a8b9-43ee-4a3d-82d4-fa904fb95109.png 249w, https:\/\/mndshop.fi\/wp-content\/uploads\/2025\/09\/db67a8b9-43ee-4a3d-82d4-fa904fb95109-150x150.png 150w, https:\/\/mndshop.fi\/wp-content\/uploads\/2025\/09\/db67a8b9-43ee-4a3d-82d4-fa904fb95109-100x100.png 100w, https:\/\/mndshop.fi\/wp-content\/uploads\/2025\/09\/db67a8b9-43ee-4a3d-82d4-fa904fb95109-50x50.png 50w\" sizes=\"(max-width: 249px) 100vw, 249px\" \/><\/a><div class=\"eael-product-title\">\n    <a href=\"https:\/\/mndshop.fi\/fi\/tuote\/canvas-bag\/\" class=\"woocommerce-LoopProduct-link woocommerce-loop-product__link\"><h2 class=\"woocommerce-loop-product__title\">Canvas Bag<\/h2><\/a>\n    <\/div><div class=\"eael-star-rating star-rating\"><span style=\"width:0%\" data-no-translation=\"\" data-trp-gettext=\"\">Arvostelu tuotteesta: <strong class=\"rating\">0<\/strong> \/ 5<\/span><\/div><div class=\"eael-product-price\"><span class=\"woocommerce-Price-amount amount\"><bdi><span class=\"woocommerce-Price-currencySymbol\">&euro;<\/span>12.00<\/bdi><\/span><\/div>    <a href=\"\/fi\/wp-json\/wp\/v2\/pages\/203?add-to-cart=850\" aria-describedby=\"woocommerce_loop_add_to_cart_link_describedby_850\" data-quantity=\"1\" class=\"button product_type_simple add_to_cart_button ajax_add_to_cart\" data-product_id=\"850\" data-product_sku=\"\" aria-label=\"Lis\u00e4\u00e4 ostoskoriin: \u201cCanvas Bag\u201d\" rel=\"nofollow\" data-success_message=\"\u201cCanvas Bag\u201d on lis\u00e4tty ostoskoriin\" role=\"button\" data-no-translation-aria-label=\"\" data-no-translation-data-success_message=\"\">Buy Now<\/a>\t<span id=\"woocommerce_loop_add_to_cart_link_describedby_850\" class=\"screen-reader-text\">\n\t\t\t<\/span>\n    \n<\/div>\n\n<\/li> <li class=\"product\">\n<div class=\"eael-product-wrap\" data-src=\"\" data-src-hover=\"\">\n    <a href=\"https:\/\/mndshop.fi\/fi\/tuote\/md-pro-performance-gym-bag\/\" class=\"woocommerce-LoopProduct-link woocommerce-loop-product__link\"><img decoding=\"async\" width=\"760\" height=\"702\" src=\"https:\/\/mndshop.fi\/wp-content\/uploads\/2025\/08\/3.png\" class=\"attachment-woocommerce_thumbnail size-woocommerce_thumbnail wvs-archive-product-image\" alt=\"M&amp;D Pro Performance Gym Bag\" loading=\"eager\" srcset=\"https:\/\/mndshop.fi\/wp-content\/uploads\/2025\/08\/3.png 760w, https:\/\/mndshop.fi\/wp-content\/uploads\/2025\/08\/3-300x277.png 300w, https:\/\/mndshop.fi\/wp-content\/uploads\/2025\/08\/3-600x554.png 600w\" sizes=\"(max-width: 760px) 100vw, 760px\" \/><\/a><div class=\"eael-product-title\">\n    <a href=\"https:\/\/mndshop.fi\/fi\/tuote\/md-pro-performance-gym-bag\/\" class=\"woocommerce-LoopProduct-link woocommerce-loop-product__link\"><h2 class=\"woocommerce-loop-product__title\">M&amp;D Pro Performance Gym Bag<\/h2><\/a>\n    <\/div><div class=\"eael-star-rating star-rating\"><span style=\"width:0%\" data-no-translation=\"\" data-trp-gettext=\"\">Arvostelu tuotteesta: <strong class=\"rating\">0<\/strong> \/ 5<\/span><\/div><div class=\"eael-product-price\"><span class=\"woocommerce-Price-amount amount\"><bdi><span class=\"woocommerce-Price-currencySymbol\">&euro;<\/span>45.00<\/bdi><\/span><\/div>    <a href=\"https:\/\/mndshop.fi\/fi\/tuote\/md-pro-performance-gym-bag\/\" aria-describedby=\"woocommerce_loop_add_to_cart_link_describedby_200\" data-quantity=\"1\" class=\"button product_type_variable add_to_cart_button cfvsw_ajax_add_to_cart\" data-product_id=\"200\" data-product_sku=\"BH00027DB\" aria-label=\"Valitse valinnat \u201cM&amp;D Pro Performance Gym Bag\u201d\" rel=\"nofollow\" data-add_to_cart_text=\"Add to Cart\" data-select_options_text=\"Select options\" data-no-translation-aria-label=\"\">Select options<\/a>\t<span id=\"woocommerce_loop_add_to_cart_link_describedby_200\" class=\"screen-reader-text\">\n\t\tT\u00e4ll\u00e4 tuotteella on useampi muunnelma. Voit tehd\u00e4 valinnat tuotteen sivulla.\t<\/span>\n    \n<\/div>\n\n<\/li> <li class=\"product\">\n<div class=\"eael-product-wrap\" data-src=\"\" data-src-hover=\"\">\n    <a href=\"https:\/\/mndshop.fi\/fi\/tuote\/md-classic-gym-duffel-bag\/\" class=\"woocommerce-LoopProduct-link woocommerce-loop-product__link\"><img decoding=\"async\" width=\"732\" height=\"627\" src=\"https:\/\/mndshop.fi\/wp-content\/uploads\/2025\/08\/5.png\" class=\"attachment-woocommerce_thumbnail size-woocommerce_thumbnail wvs-archive-product-image\" alt=\"M&amp;D Classic Gym Duffel Bag\" loading=\"eager\" srcset=\"https:\/\/mndshop.fi\/wp-content\/uploads\/2025\/08\/5.png 732w, https:\/\/mndshop.fi\/wp-content\/uploads\/2025\/08\/5-300x257.png 300w, https:\/\/mndshop.fi\/wp-content\/uploads\/2025\/08\/5-600x514.png 600w\" sizes=\"(max-width: 732px) 100vw, 732px\" \/><\/a><div class=\"eael-product-title\">\n    <a href=\"https:\/\/mndshop.fi\/fi\/tuote\/md-classic-gym-duffel-bag\/\" class=\"woocommerce-LoopProduct-link woocommerce-loop-product__link\"><h2 class=\"woocommerce-loop-product__title\">M&amp;D Classic Gym Duffel Bag<\/h2><\/a>\n    <\/div><div class=\"eael-star-rating star-rating\"><span style=\"width:0%\" data-no-translation=\"\" data-trp-gettext=\"\">Arvostelu tuotteesta: <strong class=\"rating\">0<\/strong> \/ 5<\/span><\/div><div class=\"eael-product-price\"><span class=\"woocommerce-Price-amount amount\"><bdi><span class=\"woocommerce-Price-currencySymbol\">&euro;<\/span>45.00<\/bdi><\/span><\/div>    <a href=\"https:\/\/mndshop.fi\/fi\/tuote\/md-classic-gym-duffel-bag\/\" aria-describedby=\"woocommerce_loop_add_to_cart_link_describedby_198\" data-quantity=\"1\" class=\"button product_type_variable add_to_cart_button cfvsw_ajax_add_to_cart\" data-product_id=\"198\" data-product_sku=\"BH100026CGB\" aria-label=\"Valitse valinnat \u201cM&amp;D Classic Gym Duffel Bag\u201d\" rel=\"nofollow\" data-add_to_cart_text=\"Add to Cart\" data-select_options_text=\"Select options\" data-no-translation-aria-label=\"\">Select options<\/a>\t<span id=\"woocommerce_loop_add_to_cart_link_describedby_198\" class=\"screen-reader-text\">\n\t\tT\u00e4ll\u00e4 tuotteella on useampi muunnelma. Voit tehd\u00e4 valinnat tuotteen sivulla.\t<\/span>\n    \n<\/div>\n\n<\/li> <li class=\"product\">\n<div class=\"eael-product-wrap\" data-src=\"\" data-src-hover=\"\">\n    <a href=\"https:\/\/mndshop.fi\/fi\/tuote\/keep-grinding-gym-bag\/\" class=\"woocommerce-LoopProduct-link woocommerce-loop-product__link\"><img decoding=\"async\" width=\"796\" height=\"565\" src=\"https:\/\/mndshop.fi\/wp-content\/uploads\/2025\/08\/8-1.png\" class=\"attachment-woocommerce_thumbnail size-woocommerce_thumbnail wvs-archive-product-image\" alt=\"Keep Grinding Gym Bag\" loading=\"eager\" srcset=\"https:\/\/mndshop.fi\/wp-content\/uploads\/2025\/08\/8-1.png 796w, https:\/\/mndshop.fi\/wp-content\/uploads\/2025\/08\/8-1-300x213.png 300w, https:\/\/mndshop.fi\/wp-content\/uploads\/2025\/08\/8-1-768x545.png 768w, https:\/\/mndshop.fi\/wp-content\/uploads\/2025\/08\/8-1-600x426.png 600w\" sizes=\"(max-width: 796px) 100vw, 796px\" \/><\/a><div class=\"eael-product-title\">\n    <a href=\"https:\/\/mndshop.fi\/fi\/tuote\/keep-grinding-gym-bag\/\" class=\"woocommerce-LoopProduct-link woocommerce-loop-product__link\"><h2 class=\"woocommerce-loop-product__title\">Keep Grinding Gym Bag<\/h2><\/a>\n    <\/div><div class=\"review-rating\"><div class=\"star-rating\"><span style=\"width:100%\" data-no-translation=\"\" data-trp-gettext=\"\">Arvio <strong class=\"rating\">5.00<\/strong> 5:st\u00e4 perustuen <span class=\"rating\">1<\/span> asiakkaan arvotukseen.<\/span><\/div><\/div><div class=\"eael-product-price\"><span class=\"woocommerce-Price-amount amount\"><bdi><span class=\"woocommerce-Price-currencySymbol\">&euro;<\/span>35.00<\/bdi><\/span><\/div>    <a href=\"https:\/\/mndshop.fi\/fi\/tuote\/keep-grinding-gym-bag\/\" aria-describedby=\"woocommerce_loop_add_to_cart_link_describedby_189\" data-quantity=\"1\" class=\"button product_type_variable add_to_cart_button cfvsw_ajax_add_to_cart\" data-product_id=\"189\" data-product_sku=\"BH100088GB\" aria-label=\"Valitse valinnat \u201cKeep Grinding Gym Bag\u201d\" rel=\"nofollow\" data-add_to_cart_text=\"Add to Cart\" data-select_options_text=\"Select options\" data-no-translation-aria-label=\"\">Select options<\/a>\t<span id=\"woocommerce_loop_add_to_cart_link_describedby_189\" class=\"screen-reader-text\">\n\t\tT\u00e4ll\u00e4 tuotteella on useampi muunnelma. Voit tehd\u00e4 valinnat tuotteen sivulla.\t<\/span>\n    \n<\/div>\n\n<\/li><\/ul>            <\/div>\n        <\/div>\n\n        <script type=\"text\/javascript\">\n            jQuery(document).ready(function($) {\n                var $scope = jQuery(\".elementor-element-909b3dd\");\n                var $products = $('.products', $scope);\n                var $layout_mode = $products.data('layout-mode');\n                \n                if ( $layout_mode === 'masonry' ) {\n                    \/\/ init isotope\n                    var $isotope_products = $products.isotope({\n                        itemSelector: \"li.product\",\n                        layoutMode: $layout_mode,\n                        percentPosition: true\n                    });\n\n                    $isotope_products.imagesLoaded().progress( function() {\n                        $isotope_products.isotope('layout');\n                    })\n                    \n                }\n            });\n        <\/script>\n        \t\t\t\t<\/div>\n\t\t\t\t\t<\/div>\n\t\t<\/div>\n\t\t\t\t\t<\/div>\n\t\t<\/section>\n\t\t<div class=\"elementor-element elementor-element-45f5638 e-flex e-con-boxed wpr-particle-no wpr-jarallax-no wpr-parallax-no wpr-sticky-section-no e-con e-parent\" data-id=\"45f5638\" data-element_type=\"container\" data-e-type=\"container\">\n\t\t\t\t\t<div class=\"e-con-inner\">\n\t\t\t\t\t<\/div>\n\t\t\t\t<\/div>\n\t\t\t\t<\/div>","protected":false},"excerpt":{"rendered":"<p>gym bags shop now M&amp;D Pro Performance Gym Bag Rated 0 out of 5&euro;45.00 Select options This product has multiple variants. The options may be chosen on the product page M&amp;D Classic Gym Duffel Bag Rated 0 out of 5&euro;45.00 Select options This product has multiple variants. The options may be chosen on the product page Keep Grinding Gym Bag Rated 0 out of 5&euro;35.00 Select options This product has multiple variants. The options may be chosen on the product page<\/p>","protected":false},"author":1,"featured_media":0,"parent":0,"menu_order":0,"comment_status":"closed","ping_status":"closed","template":"elementor_header_footer","meta":{"_eb_attr":"","site-sidebar-layout":"default","site-content-layout":"","ast-site-content-layout":"default","site-content-style":"default","site-sidebar-style":"default","ast-global-header-display":"","ast-banner-title-visibility":"","ast-main-header-display":"","ast-hfb-above-header-display":"","ast-hfb-below-header-display":"","ast-hfb-mobile-header-display":"","site-post-title":"disabled","ast-breadcrumbs-content":"","ast-featured-img":"","footer-sml-layout":"","theme-transparent-header-meta":"","adv-header-id-meta":"","stick-header-meta":"","header-above-stick-meta":"","header-main-stick-meta":"","header-below-stick-meta":"","astra-migrate-meta-layouts":"default","ast-page-background-enabled":"default","ast-page-background-meta":{"desktop":{"background-color":"var(--ast-global-color-5)","background-image":"","background-repeat":"repeat","background-position":"center center","background-size":"auto","background-attachment":"scroll","background-type":"","background-media":"","overlay-type":"","overlay-color":"","overlay-opacity":"","overlay-gradient":""},"tablet":{"background-color":"","background-image":"","background-repeat":"repeat","background-position":"center center","background-size":"auto","background-attachment":"scroll","background-type":"","background-media":"","overlay-type":"","overlay-color":"","overlay-opacity":"","overlay-gradient":""},"mobile":{"background-color":"","background-image":"","background-repeat":"repeat","background-position":"center center","background-size":"auto","background-attachment":"scroll","background-type":"","background-media":"","overlay-type":"","overlay-color":"","overlay-opacity":"","overlay-gradient":""}},"ast-content-background-meta":{"desktop":{"background-color":"var(--ast-global-color-4)","background-image":"","background-repeat":"repeat","background-position":"center center","background-size":"auto","background-attachment":"scroll","background-type":"","background-media":"","overlay-type":"","overlay-color":"","overlay-opacity":"","overlay-gradient":""},"tablet":{"background-color":"var(--ast-global-color-4)","background-image":"","background-repeat":"repeat","background-position":"center center","background-size":"auto","background-attachment":"scroll","background-type":"","background-media":"","overlay-type":"","overlay-color":"","overlay-opacity":"","overlay-gradient":""},"mobile":{"background-color":"var(--ast-global-color-4)","background-image":"","background-repeat":"repeat","background-position":"center center","background-size":"auto","background-attachment":"scroll","background-type":"","background-media":"","overlay-type":"","overlay-color":"","overlay-opacity":"","overlay-gradient":""}},"footnotes":""},"class_list":["post-203","page","type-page","status-publish","hentry","desktop-align-left","tablet-align-left","mobile-align-left"],"_links":{"self":[{"href":"https:\/\/mndshop.fi\/fi\/wp-json\/wp\/v2\/pages\/203","targetHints":{"allow":["GET"]}}],"collection":[{"href":"https:\/\/mndshop.fi\/fi\/wp-json\/wp\/v2\/pages"}],"about":[{"href":"https:\/\/mndshop.fi\/fi\/wp-json\/wp\/v2\/types\/page"}],"author":[{"embeddable":true,"href":"https:\/\/mndshop.fi\/fi\/wp-json\/wp\/v2\/users\/1"}],"replies":[{"embeddable":true,"href":"https:\/\/mndshop.fi\/fi\/wp-json\/wp\/v2\/comments?post=203"}],"version-history":[{"count":87,"href":"https:\/\/mndshop.fi\/fi\/wp-json\/wp\/v2\/pages\/203\/revisions"}],"predecessor-version":[{"id":934,"href":"https:\/\/mndshop.fi\/fi\/wp-json\/wp\/v2\/pages\/203\/revisions\/934"}],"wp:attachment":[{"href":"https:\/\/mndshop.fi\/fi\/wp-json\/wp\/v2\/media?parent=203"}],"curies":[{"name":"wp","href":"https:\/\/api.w.org\/{rel}","templated":true}]}}